{"id":1172,"date":"2024-03-01T17:00:03","date_gmt":"2024-03-01T16:00:03","guid":{"rendered":"https:\/\/foxinaboxgames.com\/sherbrooke\/?page_id=1172"},"modified":"2025-08-29T05:49:08","modified_gmt":"2025-08-29T09:49:08","slug":"home","status":"publish","type":"page","link":"https:\/\/foxinaboxsherbrooke.com\/en\/","title":{"rendered":"Home"},"content":{"rendered":"","protected":false},"excerpt":{"rendered":"","protected":false},"author":4,"featured_media":0,"parent":0,"menu_order":0,"comment_status":"closed","ping_status":"closed","template":"","meta":{"custom-slug":"","custom-meta-description-fr":"Vivez les escape rooms les plus immersives \u00e0 Sherbrooke chez Fox in a Box. Parfait pour la consolidation d'\u00e9quipe, les moments en famille et les amateurs d'aventure. R\u00e9servez votre escape aujourd'hui!","custom-title-fr":"Fox in a Box Sherbrooke, les escape rooms les mieux cot\u00e9es \u00e0 Sherbrooke.","custom-social-image-fr":"https:\/\/foxinaboxsherbrooke.com\/wp-content\/uploads\/sites\/9\/2024\/06\/Group.svg","custom-social-title-fr":"Fox in a Box Sherbrooke","custom-social-description-fr":"Escape rooms \u00e0 Sherbrooke \u2013 D\u00e9fiez vos amis, votre famille ou vos coll\u00e8gues d\u00e8s aujourd\u2019hui !","custom-social-url-fr":"https:\/\/foxinaboxsherbrooke.com","custom-social-type-fr":"website","custom-social-site_name-fr":"Fox in a Box Sherbrooke","custom-social-twitter-title-fr":"Fox in a Box Sherbrooke","custom-social-twitter-description-fr":"Escape rooms \u00e0 Sherbrooke \u2013 D\u00e9fiez vos amis, votre famille ou vos coll\u00e8gues d\u00e8s aujourd\u2019hui !","custom-social-twitter-url-fr":"https:\/\/foxinaboxsherbrooke.com","custom-social-twitter-card-fr":"https:\/\/foxinaboxsherbrooke.com\/wp-content\/uploads\/sites\/9\/2024\/06\/Group.svg","custom-meta-description-en":"Experience the most immersive escape rooms in Sherbrooke at Fox in a Box. Perfect for team building, family fun, and adventure seekers. Book your escape today!","custom-title-en":"Fox in a Box Sherbrooke, top-rated escape rooms in Sherbrooke","custom-social-image-en":"https:\/\/foxinaboxsherbrooke.com\/wp-content\/uploads\/sites\/9\/2024\/06\/Group.svg","custom-social-title-en":"Fox in a Box Sherbrooke","custom-social-description-en":"Escape Room Experiences in Sherbrooke \u2013 Challenge your friends, family, or coworkers today!","custom-social-url-en":"https:\/\/foxinaboxsherbrooke.com\/en","custom-social-type-en":"website","custom-social-site_name-en":"Fox in a Box Sherbrooke","custom-social-twitter-title-en":"Fox in a Box Sherbrooke","custom-social-twitter-description-en":"Escape Room Experiences in Sherbrooke \u2013 Challenge your friends, family, or coworkers today!","custom-social-twitter-url-en":"https:\/\/foxinaboxsherbrooke.com\/en","custom-social-twitter-card-en":"https:\/\/foxinaboxsherbrooke.com\/wp-content\/uploads\/sites\/9\/2024\/06\/Group.svg","footnotes":""},"class_list":["post-1172","page","type-page","status-publish","hentry"],"_links":{"self":[{"href":"https:\/\/foxinaboxsherbrooke.com\/en\/wp-json\/wp\/v2\/pages\/1172","targetHints":{"allow":["GET"]}}],"collection":[{"href":"https:\/\/foxinaboxsherbrooke.com\/en\/wp-json\/wp\/v2\/pages"}],"about":[{"href":"https:\/\/foxinaboxsherbrooke.com\/en\/wp-json\/wp\/v2\/types\/page"}],"author":[{"embeddable":true,"href":"https:\/\/foxinaboxsherbrooke.com\/en\/wp-json\/wp\/v2\/users\/4"}],"replies":[{"embeddable":true,"href":"https:\/\/foxinaboxsherbrooke.com\/en\/wp-json\/wp\/v2\/comments?post=1172"}],"version-history":[{"count":2,"href":"https:\/\/foxinaboxsherbrooke.com\/en\/wp-json\/wp\/v2\/pages\/1172\/revisions"}],"predecessor-version":[{"id":17848,"href":"https:\/\/foxinaboxsherbrooke.com\/en\/wp-json\/wp\/v2\/pages\/1172\/revisions\/17848"}],"wp:attachment":[{"href":"https:\/\/foxinaboxsherbrooke.com\/en\/wp-json\/wp\/v2\/media?parent=1172"}],"curies":[{"name":"wp","href":"https:\/\/api.w.org\/{rel}","templated":true}]}}