{"id":2190,"date":"2024-05-24T12:19:03","date_gmt":"2024-05-24T11:19:03","guid":{"rendered":"https:\/\/foxinaboxgames.com\/sherbrooke\/?page_id=2190"},"modified":"2025-08-28T08:03:43","modified_gmt":"2025-08-28T12:03:43","slug":"bistro","status":"publish","type":"page","link":"https:\/\/foxinaboxsherbrooke.com\/en\/bistro\/","title":{"rendered":"Bistro"},"content":{"rendered":"<div class=\"wp-block-group alignfull has-global-padding is-layout-constrained wp-block-group-is-layout-constrained\" style=\"margin-top:0;margin-bottom:0\">\n<div class=\"wp-block-cover alignfull is-light has-custom-content-position is-position-top-center\" style=\"margin-top:0;margin-bottom:0;padding-top:3em\"><span aria-hidden=\"true\" class=\"wp-block-cover__background has-background-dim-0 has-background-dim\"><\/span><img decoding=\"async\" width=\"2000\" height=\"995\" class=\"wp-block-cover__image-background wp-image-2164\" alt=\"\" src=\"https:\/\/foxinaboxgames.com\/sherbrooke\/wp-content\/uploads\/sites\/9\/2024\/05\/cta-f-bistro.jpg\" data-object-fit=\"cover\" srcset=\"https:\/\/foxinaboxsherbrooke.com\/wp-content\/uploads\/sites\/9\/2024\/05\/cta-f-bistro.jpg 2000w, https:\/\/foxinaboxsherbrooke.com\/wp-content\/uploads\/sites\/9\/2024\/05\/cta-f-bistro-300x149.jpg 300w, https:\/\/foxinaboxsherbrooke.com\/wp-content\/uploads\/sites\/9\/2024\/05\/cta-f-bistro-1024x509.jpg 1024w, https:\/\/foxinaboxsherbrooke.com\/wp-content\/uploads\/sites\/9\/2024\/05\/cta-f-bistro-768x382.jpg 768w, https:\/\/foxinaboxsherbrooke.com\/wp-content\/uploads\/sites\/9\/2024\/05\/cta-f-bistro-1536x764.jpg 1536w, https:\/\/foxinaboxsherbrooke.com\/wp-content\/uploads\/sites\/9\/2024\/05\/cta-f-bistro-18x9.jpg 18w, https:\/\/foxinaboxsherbrooke.com\/wp-content\/uploads\/sites\/9\/2024\/05\/cta-f-bistro-600x299.jpg 600w\" sizes=\"(max-width: 2000px) 100vw, 2000px\" \/><div class=\"wp-block-cover__inner-container has-global-padding is-layout-constrained wp-block-cover-is-layout-constrained\">\n<div class=\"wp-block-columns alignwide stack-on-tablet-portrait is-layout-flex wp-container-core-columns-is-layout-28f84493 wp-block-columns-is-layout-flex\">\n<div class=\"wp-block-column is-layout-flow wp-block-column-is-layout-flow\" style=\"flex-basis:50%\">\n<h3 class=\"wp-block-heading has-custom-white-color has-text-color has-link-color has-extra-large-font-size wp-elements-9e128fcdc9382bbd444762ef88ab4ddf\">Unlocking Secrets at the Bistro<\/h3>\n\n\n\n<div class=\"wp-block-columns is-layout-flex wp-container-core-columns-is-layout-f0342b05 wp-block-columns-is-layout-flex\" style=\"margin-top:0;margin-bottom:0\">\n<div class=\"wp-block-column is-layout-flow wp-block-column-is-layout-flow\" style=\"flex-basis:70%\">\n<p class=\"has-custom-white-color has-text-color has-link-color wp-elements-bf12741371e5e209cdf78027a192f5ad\">Experience the perfect blend of thrilling escape rooms and a vibrant bistro bar.<\/p>\n<\/div>\n<\/div>\n\n\n\n<div class=\"wp-block-buttons is-content-justification-left is-layout-flex wp-container-core-buttons-is-layout-a8261ec1 wp-block-buttons-is-layout-flex\" style=\"margin-top:var(--wp--preset--spacing--60)\">\n<div class=\"wp-block-button is-style-button-arrow\"><a class=\"wp-block-button__link wp-element-button\" href=\"#Reservation\">Reserve your table<\/a><\/div>\n<\/div>\n\n\n\n<div style=\"height:17rem\" aria-hidden=\"true\" class=\"wp-block-spacer\"><\/div>\n<\/div>\n<\/div>\n<\/div><\/div>\n<\/div>\n\n\n\n<div class=\"wp-block-group alignwide has-global-padding is-layout-constrained wp-block-group-is-layout-constrained\" style=\"padding-top:5rem;padding-bottom:2rem\">\n<div class=\"wp-block-columns alignwide are-vertically-aligned-center stack-on-tablet-portrait is-layout-flex wp-container-core-columns-is-layout-65a7aca3 wp-block-columns-is-layout-flex\">\n<div class=\"wp-block-column is-vertically-aligned-center is-layout-flow wp-block-column-is-layout-flow\" style=\"flex-basis:45%\">\n<figure class=\"wp-block-image size-large has-custom-border\"><img decoding=\"async\" width=\"1919\" height=\"2560\" src=\"https:\/\/foxinaboxsherbrooke.com\/wp-content\/uploads\/sites\/9\/2025\/04\/MEL_2151-1-edited-scaled.jpg\" alt=\"\" class=\"wp-image-10125\" style=\"border-radius:4px\" srcset=\"https:\/\/foxinaboxsherbrooke.com\/wp-content\/uploads\/sites\/9\/2025\/04\/MEL_2151-1-edited-scaled.jpg 1919w, https:\/\/foxinaboxsherbrooke.com\/wp-content\/uploads\/sites\/9\/2025\/04\/MEL_2151-1-edited-225x300.jpg 225w, https:\/\/foxinaboxsherbrooke.com\/wp-content\/uploads\/sites\/9\/2025\/04\/MEL_2151-1-edited-768x1024.jpg 768w, https:\/\/foxinaboxsherbrooke.com\/wp-content\/uploads\/sites\/9\/2025\/04\/MEL_2151-1-edited-1152x1536.jpg 1152w, https:\/\/foxinaboxsherbrooke.com\/wp-content\/uploads\/sites\/9\/2025\/04\/MEL_2151-1-edited-1535x2048.jpg 1535w, https:\/\/foxinaboxsherbrooke.com\/wp-content\/uploads\/sites\/9\/2025\/04\/MEL_2151-1-edited-9x12.jpg 9w, https:\/\/foxinaboxsherbrooke.com\/wp-content\/uploads\/sites\/9\/2025\/04\/MEL_2151-1-edited-600x800.jpg 600w\" sizes=\"(max-width: 1919px) 100vw, 1919px\" \/><\/figure>\n<\/div>\n\n\n\n<div class=\"wp-block-column is-vertically-aligned-center is-layout-flow wp-block-column-is-layout-flow\">\n<h3 class=\"wp-block-heading has-extra-large-font-size\" style=\"padding-bottom:var(--wp--preset--spacing--60)\">ABOUT BISTRO<\/h3>\n\n\n\n<p>Experience the perfect blend of thrilling escape rooms and a vibrant bistro bar. We bring people together, connecting them through shared tables, drinks, and food, inspiring quality time with loved ones. The first-ever concept of escape rooms combined with a bistro bar provides the perfect setting to gather with loved ones.<\/p>\n\n\n\n<p>De plus, une vingtaine de jeux de soci\u00e9t\u00e9 vous attendent pour prolonger le plaisir apr\u00e8s votre salle ou tout simplement pour passer un agr\u00e9able moment entre amis!<\/p>\n\n\n\n<p>Celebrate the joy of connection!<\/p>\n\n\n\n<div class=\"wp-block-buttons is-layout-flex wp-block-buttons-is-layout-flex\">\n<div class=\"wp-block-button is-style-button-arrow\"><a class=\"wp-block-button__link wp-element-button\" href=\"https:\/\/foxinaboxsherbrooke.com\/wp-content\/uploads\/sites\/9\/2025\/06\/Menu-Fox-in-a-box.pdf\" target=\"_blank\" rel=\"noreferrer noopener\">See Menu<\/a><\/div>\n<\/div>\n<\/div>\n<\/div>\n<\/div>\n\n\n\n<div class=\"wp-block-group alignwide has-global-padding is-layout-constrained wp-block-group-is-layout-constrained\">\n<div class=\"wp-block-columns alignwide has-medium-font-size is-layout-flex wp-container-core-columns-is-layout-28f84493 wp-block-columns-is-layout-flex\">\n<div class=\"wp-block-column is-layout-flow wp-block-column-is-layout-flow\" style=\"flex-basis:40%\">\n<h3 class=\"wp-block-heading alignwide\" style=\"text-transform:uppercase\">Embrace Quality and Local Flavors!<\/h3>\n\n\n\n<p class=\"has-extra-small-font-size\" style=\"font-style:normal;font-weight:500\">We serve only the finest locally sourced products. Discover the true essence of our locality \u2013 a commitment to quality and the joy of supporting local producers.<\/p>\n<\/div>\n<\/div>\n\n\n\n<div class=\"wp-block-columns alignwide are-vertically-aligned-center is-layout-flex wp-container-core-columns-is-layout-b2e984e9 wp-block-columns-is-layout-flex\" style=\"padding-top:0rem;padding-bottom:4rem\">\n<div class=\"wp-block-column is-vertically-aligned-center is-layout-flow wp-block-column-is-layout-flow\">\n<figure class=\"wp-block-image aligncenter size-full\"><a href=\"https:\/\/lebockale.com\"><img decoding=\"async\" src=\"https:\/\/foxinaboxsherbrooke.com\/wp-content\/uploads\/sites\/9\/2025\/03\/Group.svg\" alt=\"\" class=\"wp-image-9034\"\/><\/a><\/figure>\n<\/div>\n\n\n\n<div class=\"wp-block-column is-vertically-aligned-center is-layout-flow wp-block-column-is-layout-flow\">\n<figure class=\"wp-block-image aligncenter size-full is-resized\"><a href=\"https:\/\/lamanse.ca\"><img decoding=\"async\" src=\"https:\/\/foxinaboxsherbrooke.com\/wp-content\/uploads\/sites\/9\/2025\/03\/officiel_noir2Btransp_edited-1.svg\" alt=\"\" class=\"wp-image-9035\" style=\"width:98px;height:90px\"\/><\/a><\/figure>\n<\/div>\n\n\n\n<div class=\"wp-block-column is-vertically-aligned-center is-layout-flow wp-block-column-is-layout-flow\">\n<figure class=\"wp-block-image aligncenter size-full\"><a href=\"https:\/\/lapinte.ca\"><img decoding=\"async\" src=\"https:\/\/foxinaboxsherbrooke.com\/wp-content\/uploads\/sites\/9\/2025\/03\/logo-lapinte-1.svg\" alt=\"\" class=\"wp-image-9036\"\/><\/a><\/figure>\n<\/div>\n\n\n\n<div class=\"wp-block-column is-vertically-aligned-center is-layout-flow wp-block-column-is-layout-flow\">\n<figure class=\"wp-block-image aligncenter size-full is-resized\"><a href=\"https:\/\/micheljodoin.ca\/\"><img decoding=\"async\" src=\"https:\/\/foxinaboxsherbrooke.com\/wp-content\/uploads\/sites\/9\/2025\/03\/logo-AQ_300x-1.svg\" alt=\"\" class=\"wp-image-9037\" style=\"width:148px;height:auto\"\/><\/a><\/figure>\n<\/div>\n\n\n\n<div class=\"wp-block-column is-vertically-aligned-center is-layout-flow wp-block-column-is-layout-flow\">\n<figure class=\"wp-block-image aligncenter size-full\"><a href=\"https:\/\/fitchbaycafe.com\/\"><img decoding=\"async\" src=\"https:\/\/foxinaboxsherbrooke.com\/wp-content\/uploads\/sites\/9\/2025\/03\/image-223.svg\" alt=\"\" class=\"wp-image-9038\"\/><\/a><\/figure>\n<\/div>\n\n\n\n<div class=\"wp-block-column is-vertically-aligned-center is-layout-flow wp-block-column-is-layout-flow\">\n<figure class=\"wp-block-image aligncenter size-full is-resized\"><a href=\"https:\/\/domaineberthiaume.com\/\"><img decoding=\"async\" src=\"https:\/\/foxinaboxsherbrooke.com\/wp-content\/uploads\/sites\/9\/2025\/03\/domaine-Berthiaume-microbrasserie-ferme-brassicole-14-1.svg\" alt=\"\" class=\"wp-image-9039\" style=\"width:auto;height:80px\"\/><\/a><\/figure>\n<\/div>\n\n\n\n<div class=\"wp-block-column is-vertically-aligned-center is-layout-flow wp-block-column-is-layout-flow\">\n<figure class=\"wp-block-image aligncenter size-full\"><a href=\"https:\/\/stockholmsherbrooke.com\/\"><img decoding=\"async\" src=\"https:\/\/foxinaboxsherbrooke.com\/wp-content\/uploads\/sites\/9\/2025\/03\/logo_black-1.svg\" alt=\"\" class=\"wp-image-9040\"\/><\/a><\/figure>\n<\/div>\n<\/div>\n<\/div>\n\n\n\n<div class=\"wp-block-group alignfull has-tertiary-background-color has-background is-layout-flow wp-block-group-is-layout-flow\" id=\"Reservation\" style=\"margin-bottom:0;padding-top:4rem;padding-bottom:4rem\">\n<div class=\"wp-block-group alignwide has-global-padding is-layout-constrained wp-block-group-is-layout-constrained\">\n<div class=\"wp-block-columns alignwide is-layout-flex wp-container-core-columns-is-layout-83c1ae91 wp-block-columns-is-layout-flex\" style=\"padding-bottom:2em\">\n<div class=\"wp-block-column is-layout-flow wp-block-column-is-layout-flow\" style=\"flex-basis:80%\">\n<h3 class=\"wp-block-heading has-extra-large-font-size\" style=\"line-height:1;text-transform:uppercase\">Reserve Your Bistro Adventure Today<\/h3>\n<\/div>\n<\/div>\n\n\n\n<div class=\"wp-block-columns alignwide stack-on-tablet-portrait is-layout-flex wp-container-core-columns-is-layout-123045d2 wp-block-columns-is-layout-flex\">\n<div class=\"wp-block-column is-layout-flow wp-block-column-is-layout-flow\" style=\"padding-top:0;padding-bottom:2rem;flex-basis:40%\">\n<div class=\"wp-block-columns is-layout-flex wp-container-core-columns-is-layout-28f84493 wp-block-columns-is-layout-flex\">\n<div class=\"wp-block-column is-layout-flow wp-block-column-is-layout-flow\" style=\"flex-basis:80%\">\n<p>Step into a world of culinary delight and mystery as you reserve your table for an unforgettable bistro adventure.<\/p>\n\n\n\n<p class=\"has-black-color has-text-color has-link-color wp-elements-10f650bc0b82d3e7b6d40c0135565e3f\">Pour les r\u00e9servations d\u2019\u00e9v\u00e9nements priv\u00e9s, veuillez contacter notre personnel \u00e9v\u00e9nementiel au <a href=\"tel:819-481-1340\">819-481-1340<\/a>.<\/p>\n<\/div>\n<\/div>\n<\/div>\n\n\n\n<div class=\"wp-block-column reservation is-layout-flow wp-block-column-is-layout-flow\" style=\"flex-basis:60%\">\n<div class=\"wpcf7 no-js\" id=\"wpcf7-f574-o1\" lang=\"en-US\" dir=\"ltr\" data-wpcf7-id=\"574\">\n<div class=\"screen-reader-response\"><p role=\"status\" aria-live=\"polite\" aria-atomic=\"true\"><\/p> <ul><\/ul><\/div>\n<form action=\"\/en\/wp-json\/wp\/v2\/pages\/2190#wpcf7-f574-o1\" method=\"post\" class=\"wpcf7-form init\" aria-label=\"Contact form\" novalidate=\"novalidate\" data-status=\"init\" data-trp-original-action=\"\/en\/wp-json\/wp\/v2\/pages\/2190#wpcf7-f574-o1\">\n<fieldset class=\"hidden-fields-container\"><input type=\"hidden\" name=\"_wpcf7\" value=\"574\" \/><input type=\"hidden\" name=\"_wpcf7_version\" value=\"6.1.4\" \/><input type=\"hidden\" name=\"_wpcf7_locale\" value=\"en_US\" \/><input type=\"hidden\" name=\"_wpcf7_unit_tag\" value=\"wpcf7-f574-o1\" \/><input type=\"hidden\" name=\"_wpcf7_container_post\" value=\"0\" \/><input type=\"hidden\" name=\"_wpcf7_posted_data_hash\" value=\"\" \/>\n<\/fieldset>\n<div class=\"wp-block-columns is-layout-flex wp-container-core-columns-layout-7 wp-block-columns-is-layout-flex\">\n\t<div class=\"wp-block-column is-layout-flow wp-block-column-is-layout-flow\" style=\"flex-basis:33%\">\n\t\t<p><label>Date<br \/>\n<span class=\"wpcf7-form-control-wrap\" data-name=\"date-72\"><input class=\"wpcf7-form-control wpcf7-date wpcf7-validates-as-required wpcf7-validates-as-date\" aria-required=\"true\" aria-invalid=\"false\" value=\"\" type=\"date\" name=\"date-72\" \/><\/span><\/label><br \/>\n<label>Name<br \/>\n<span class=\"wpcf7-form-control-wrap\" data-name=\"your-name\"><input size=\"40\" maxlength=\"400\" class=\"wpcf7-form-control wpcf7-text wpcf7-validates-as-required\" aria-required=\"true\" aria-invalid=\"false\" value=\"\" type=\"text\" name=\"your-name\" \/><\/span><\/label>\n\t\t<\/p>\n\t<\/div>\n\t<div class=\"wp-block-column is-layout-flow wp-block-column-is-layout-flow\" style=\"flex-basis:33%\">\n\t\t<p><label>Time<br \/>\n<span class=\"wpcf7-form-control-wrap\" data-name=\"Time\"><input size=\"40\" maxlength=\"400\" class=\"wpcf7-form-control wpcf7-text wpcf7-validates-as-required\" aria-required=\"true\" aria-invalid=\"false\" value=\"\" type=\"text\" name=\"Time\" \/><\/span><\/label><br \/>\n<label>Email<br \/>\n<span class=\"wpcf7-form-control-wrap\" data-name=\"your-email\"><input size=\"40\" maxlength=\"400\" class=\"wpcf7-form-control wpcf7-email wpcf7-validates-as-required wpcf7-text wpcf7-validates-as-email\" aria-required=\"true\" aria-invalid=\"false\" value=\"\" type=\"email\" name=\"your-email\" \/><\/span><\/label>\n\t\t<\/p>\n\t<\/div>\n\t<div class=\"wp-block-column is-layout-flow wp-block-column-is-layout-flow\" style=\"flex-basis:33%\">\n\t\t<p><label>People<br \/>\n<span class=\"wpcf7-form-control-wrap\" data-name=\"persons\"><select class=\"wpcf7-form-control wpcf7-select wpcf7-validates-as-required\" aria-required=\"true\" aria-invalid=\"false\" name=\"persons\"><option value=\"1\">1<\/option><option value=\"2\">2<\/option><option value=\"3\">3<\/option><option value=\"4\">4<\/option><option value=\"5\">5<\/option><option value=\"6\">6<\/option><option value=\"7\">7<\/option><option value=\"8\">8<\/option><option value=\"9\">9<\/option><option value=\"10\">10<\/option><\/select><\/span><\/label><br \/>\n<label>Phone<br \/>\n<span class=\"wpcf7-form-control-wrap\" data-name=\"tel-307\"><input size=\"40\" maxlength=\"400\" class=\"wpcf7-form-control wpcf7-tel wpcf7-validates-as-required wpcf7-text wpcf7-validates-as-tel\" aria-required=\"true\" aria-invalid=\"false\" value=\"\" type=\"tel\" name=\"tel-307\" \/><\/span><\/label>\n\t\t<\/p>\n\t<\/div>\n<\/div>\n<p><div class=\"cf7-cf-turnstile\" style=\"margin-top: 0px; margin-bottom: -15px;\"> <div id=\"cf-turnstile-cf7-3265598158\" class=\"cf-turnstile\" data-sitekey=\"0x4AAAAAAB1q8GsU0-U2CrkP\" data-theme=\"light\" data-language=\"auto\" data-size=\"normal\" data-retry=\"auto\" data-retry-interval=\"1000\" data-action=\"contact-form-7\" data-appearance=\"always\"><\/div> <script>document.addEventListener(\"DOMContentLoaded\", function() { setTimeout(function(){ var e=document.getElementById(\"cf-turnstile-cf7-3265598158\"); e&&!e.innerHTML.trim()&&(turnstile.remove(\"#cf-turnstile-cf7-3265598158\"), turnstile.render(\"#cf-turnstile-cf7-3265598158\", {sitekey:\"0x4AAAAAAB1q8GsU0-U2CrkP\"})); }, 0); });<\/script> <br class=\"cf-turnstile-br cf-turnstile-br-cf7-3265598158\"> <style>#cf-turnstile-cf7-3265598158 { margin-left: -15px; }<\/style> <script>document.addEventListener(\"DOMContentLoaded\",function(){document.querySelectorAll('.wpcf7-form').forEach(function(e){e.addEventListener('submit',function(){if(document.getElementById('cf-turnstile-cf7-3265598158')){setTimeout(function(){turnstile.reset('#cf-turnstile-cf7-3265598158');},1000)}})})});<\/script> <\/div>\n<\/p>\n<div class=\"wp-block-button is-style-button-arrow\">\n\t<p><button type=\"submit\" class=\"wp-block-button__link wp-element-button wpcf7-form-control wpcf7-submit has-spinner\">Request a reservation<\/button>\n\t<\/p>\n<\/div><input type='hidden' class='wpcf7-pum' value='{\"closepopup\":false,\"closedelay\":0,\"openpopup\":false,\"openpopup_id\":0}' \/><div class=\"wpcf7-response-output\" aria-hidden=\"true\"><\/div>\n<input type=\"hidden\" name=\"trp-form-language\" value=\"en\"\/><\/form>\n<\/div>\n\n\n\n\n<div class=\"wp-block-columns is-layout-flex wp-container-core-columns-is-layout-28f84493 wp-block-columns-is-layout-flex\">\n<div class=\"wp-block-column is-layout-flow wp-block-column-is-layout-flow\" style=\"flex-basis:33%\"><\/div>\n\n\n\n<div class=\"wp-block-column is-layout-flow wp-block-column-is-layout-flow\" style=\"flex-basis:33%\"><\/div>\n\n\n\n<div class=\"wp-block-column is-layout-flow wp-block-column-is-layout-flow\" style=\"flex-basis:33%\"><\/div>\n<\/div>\n<\/div>\n<\/div>\n<\/div>\n<\/div>\n\n\n\n<div class=\"wp-block-group alignfull has-global-padding is-layout-constrained wp-block-group-is-layout-constrained\" id=\"Escape-room\" style=\"margin-top:0\">\n<div class=\"wp-block-cover alignfull\" style=\"min-height:80vh;aspect-ratio:unset;\"><span aria-hidden=\"true\" class=\"wp-block-cover__background has-background-dim-0 has-background-dim\"><\/span><img decoding=\"async\" width=\"2560\" height=\"1274\" class=\"wp-block-cover__image-background wp-image-2151\" alt=\"\" src=\"https:\/\/foxinaboxgames.com\/sherbrooke\/wp-content\/uploads\/sites\/9\/2024\/05\/Hero-scaled-1.jpg\" data-object-fit=\"cover\" srcset=\"https:\/\/foxinaboxsherbrooke.com\/wp-content\/uploads\/sites\/9\/2024\/05\/Hero-scaled-1.jpg 2560w, https:\/\/foxinaboxsherbrooke.com\/wp-content\/uploads\/sites\/9\/2024\/05\/Hero-scaled-1-300x149.jpg 300w, https:\/\/foxinaboxsherbrooke.com\/wp-content\/uploads\/sites\/9\/2024\/05\/Hero-scaled-1-1024x510.jpg 1024w, https:\/\/foxinaboxsherbrooke.com\/wp-content\/uploads\/sites\/9\/2024\/05\/Hero-scaled-1-768x382.jpg 768w, https:\/\/foxinaboxsherbrooke.com\/wp-content\/uploads\/sites\/9\/2024\/05\/Hero-scaled-1-1536x764.jpg 1536w, https:\/\/foxinaboxsherbrooke.com\/wp-content\/uploads\/sites\/9\/2024\/05\/Hero-scaled-1-2048x1019.jpg 2048w, https:\/\/foxinaboxsherbrooke.com\/wp-content\/uploads\/sites\/9\/2024\/05\/Hero-scaled-1-18x9.jpg 18w, https:\/\/foxinaboxsherbrooke.com\/wp-content\/uploads\/sites\/9\/2024\/05\/Hero-scaled-1-600x299.jpg 600w\" sizes=\"(max-width: 2560px) 100vw, 2560px\" \/><div class=\"wp-block-cover__inner-container is-layout-flow wp-block-cover-is-layout-flow\">\n<div class=\"wp-block-group has-global-padding is-layout-constrained wp-container-core-group-is-layout-216a7301 wp-block-group-is-layout-constrained\" style=\"padding-left:3%\">\n<h3 class=\"wp-block-heading alignwide has-text-align-left has-larger-font-size\">ESCAPE ROOM<\/h3>\n\n\n\n<div class=\"wp-block-columns alignwide is-layout-flex wp-container-core-columns-is-layout-28f84493 wp-block-columns-is-layout-flex\">\n<div class=\"wp-block-column is-layout-flow wp-block-column-is-layout-flow\" style=\"font-style:normal;font-weight:500;flex-basis:45%\">\n<p style=\"padding-bottom:2rem\">Step into our captivating escape rooms and unlock a world of excitement. Solve puzzles, unravel mysteries, and embark on thrilling adventures as a team. Our meticulously designed rooms provide an immersive experience that challenges your wits and sparks your imagination.<\/p>\n\n\n\n<div class=\"wp-block-buttons is-layout-flex wp-block-buttons-is-layout-flex\">\n<div class=\"wp-block-button is-style-button-arrow\"><a class=\"wp-block-button__link wp-element-button\">Check our escape rooms<\/a><\/div>\n<\/div>\n<\/div>\n<\/div>\n<\/div>\n<\/div><\/div>\n<\/div>\n\n\n\n<div class=\"wp-block-group alignfull has-custom-white-color has-black-background-color has-text-color has-background has-link-color wp-elements-dd549d5dc9e3c15b38d0455a5a8bee2c is-layout-flow wp-block-group-is-layout-flow\" style=\"margin-top:0;margin-bottom:0;padding-top:var(--wp--preset--spacing--60);padding-bottom:var(--wp--preset--spacing--60)\">\n<div class=\"wp-block-group alignwide has-global-padding is-layout-constrained wp-block-group-is-layout-constrained\">\n<div class=\"wp-block-group alignwide is-content-justification-space-between is-layout-flex wp-container-core-group-is-layout-e81ed2ed wp-block-group-is-layout-flex\">\n<div class=\"wp-block-group alignwide is-layout-flex wp-container-core-group-is-layout-c5a8d2a1 wp-block-group-is-layout-flex\">\n<h4 class=\"wp-block-heading alignwide has-large-font-size\">Our Location<\/h4>\n\n\n\n<p class=\"has-extra-small-font-size\" style=\"line-height:1.3\">Fox In A Box Sherbrooke<br>5087 Boul Bourque suite 1, Sherbrooke, Quebec J1N 2K6, Canada<\/p>\n<\/div>\n\n\n\n<div class=\"wp-block-buttons is-layout-flex wp-block-buttons-is-layout-flex\">\n<div class=\"wp-block-button is-style-button-arrow\"><a class=\"wp-block-button__link wp-element-button\" href=\"https:\/\/maps.app.goo.gl\/n3AYdGDbqb7dvqy5A\" target=\"_blank\" rel=\"noreferrer noopener\">GET direction<\/a><\/div>\n<\/div>\n<\/div>\n<\/div>\n<\/div>\n\n\n\n<div class=\"wp-block-group alignfull is-layout-flow wp-block-group-is-layout-flow\" style=\"margin-top:0;margin-bottom:0\">\t\t<div\n            id=\"wpmapblock_bf318050\"\n            data-settings='{&quot;map_marker&quot;:[{&quot;lat&quot;:&quot;45.3703667732244&quot;,&quot;lng&quot;:&quot;-71.9927344&quot;,&quot;title&quot;:&quot;Fox In A Box Sherbrooke&quot;,&quot;content&quot;:&quot;&quot;,&quot;iconType&quot;:&quot;custom&quot;,&quot;customIconUrl&quot;:&quot;https:\\\/\\\/foxinaboxgames.com\\\/sherbrooke\\\/wp-content\\\/uploads\\\/sites\\\/9\\\/2024\\\/02\\\/Group-377.svg&quot;,&quot;customIconWidth&quot;:&quot;60&quot;,&quot;customIconHeight&quot;:&quot;60&quot;}],&quot;map_zoom&quot;:&quot;15&quot;,&quot;scroll_wheel_zoom&quot;:false,&quot;map_type&quot;:&quot;GM&quot;,&quot;center_index&quot;:0}'\n            class=\"wpmapblockrender\"\n            style=\"\t\t\twidth: 100%;\t\t\theight: 500px;\t\t\"\n            >\n        <\/div>\n        <\/div>","protected":false},"excerpt":{"rendered":"<p>\u00c0 PROPOS DU BISTRO Vivez l\u2019alliance parfaite entre des salles d\u2019\u00e9vasion palpitantes et un bistro anim\u00e9. Nous rassemblons les gens en les connectant autour de tables partag\u00e9es, de boissons et de nourriture, inspirant des moments de qualit\u00e9 avec vos proches. Le premier concept d\u2019\u00e9vasion combin\u00e9 \u00e0 un bistro-bar est l\u2019endroit id\u00e9al pour se r\u00e9unir avec [&hellip;]<\/p>","protected":false},"author":4,"featured_media":0,"parent":0,"menu_order":0,"comment_status":"closed","ping_status":"closed","template":"","meta":{"footnotes":""},"class_list":["post-2190","page","type-page","status-publish","hentry"],"_links":{"self":[{"href":"https:\/\/foxinaboxsherbrooke.com\/en\/wp-json\/wp\/v2\/pages\/2190","targetHints":{"allow":["GET"]}}],"collection":[{"href":"https:\/\/foxinaboxsherbrooke.com\/en\/wp-json\/wp\/v2\/pages"}],"about":[{"href":"https:\/\/foxinaboxsherbrooke.com\/en\/wp-json\/wp\/v2\/types\/page"}],"author":[{"embeddable":true,"href":"https:\/\/foxinaboxsherbrooke.com\/en\/wp-json\/wp\/v2\/users\/4"}],"replies":[{"embeddable":true,"href":"https:\/\/foxinaboxsherbrooke.com\/en\/wp-json\/wp\/v2\/comments?post=2190"}],"version-history":[{"count":37,"href":"https:\/\/foxinaboxsherbrooke.com\/en\/wp-json\/wp\/v2\/pages\/2190\/revisions"}],"predecessor-version":[{"id":16945,"href":"https:\/\/foxinaboxsherbrooke.com\/en\/wp-json\/wp\/v2\/pages\/2190\/revisions\/16945"}],"wp:attachment":[{"href":"https:\/\/foxinaboxsherbrooke.com\/en\/wp-json\/wp\/v2\/media?parent=2190"}],"curies":[{"name":"wp","href":"https:\/\/api.w.org\/{rel}","templated":true}]}}